{"id":2642,"date":"2022-10-17T12:13:18","date_gmt":"2022-10-17T12:13:18","guid":{"rendered":"https:\/\/franzhilf-benefizkonzert.at\/?page_id=2642"},"modified":"2025-12-04T11:37:45","modified_gmt":"2025-12-04T11:37:45","slug":"projekt","status":"publish","type":"page","link":"https:\/\/franzhilf-benefizkonzert.at\/?page_id=2642","title":{"rendered":"Das Projekt"},"content":{"rendered":"\t\t<div data-elementor-type=\"wp-page\" data-elementor-id=\"2642\" class=\"elementor elementor-2642\">\n\t\t\t\t\t\t<section class=\"elementor-section elementor-top-section elementor-element elementor-element-df8d78d elementor-section-full_width elementor-section-height-default elementor-section-height-default\" data-id=\"df8d78d\" data-element_type=\"section\">\n\t\t\t\t\t\t<div class=\"elementor-container elementor-column-gap-no\">\n\t\t\t\t\t<div class=\"elementor-column elementor-col-100 elementor-top-column elementor-element elementor-element-3c2702b\" data-id=\"3c2702b\" data-element_type=\"column\">\n\t\t\t<div class=\"elementor-widget-wrap elementor-element-populated\">\n\t\t\t\t\t\t<div class=\"elementor-element elementor-element-1ca8419 elementor-widget elementor-widget-image\" data-id=\"1ca8419\" data-element_type=\"widget\" data-widget_type=\"image.default\">\n\t\t\t\t<div class=\"elementor-widget-container\">\n\t\t\t<style>\/*! elementor - v3.20.0 - 20-03-2024 *\/\n.elementor-widget-image{text-align:center}.elementor-widget-image a{display:inline-block}.elementor-widget-image a img[src$=\".svg\"]{width:48px}.elementor-widget-image img{vertical-align:middle;display:inline-block}<\/style>\t\t\t\t\t\t\t<figure class=\"wp-caption\">\n\t\t\t\t\t\t\t\t\t\t<img fetchpriority=\"high\" decoding=\"async\" width=\"900\" height=\"722\" src=\"https:\/\/franzhilf-benefizkonzert.at\/wp-content\/uploads\/2025\/12\/Baby-mit-Gitarre-1024x821.jpg\" class=\"attachment-large size-large wp-image-3540\" alt=\"\" srcset=\"https:\/\/franzhilf-benefizkonzert.at\/wp-content\/uploads\/2025\/12\/Baby-mit-Gitarre-1024x821.jpg 1024w, https:\/\/franzhilf-benefizkonzert.at\/wp-content\/uploads\/2025\/12\/Baby-mit-Gitarre-300x241.jpg 300w, https:\/\/franzhilf-benefizkonzert.at\/wp-content\/uploads\/2025\/12\/Baby-mit-Gitarre-768x616.jpg 768w, https:\/\/franzhilf-benefizkonzert.at\/wp-content\/uploads\/2025\/12\/Baby-mit-Gitarre-1536x1232.jpg 1536w, https:\/\/franzhilf-benefizkonzert.at\/wp-content\/uploads\/2025\/12\/Baby-mit-Gitarre-900x722.jpg 900w, https:\/\/franzhilf-benefizkonzert.at\/wp-content\/uploads\/2025\/12\/Baby-mit-Gitarre-1920x1540.jpg 1920w, https:\/\/franzhilf-benefizkonzert.at\/wp-content\/uploads\/2025\/12\/Baby-mit-Gitarre.jpg 1980w\" sizes=\"(max-width: 900px) 100vw, 900px\" \/>\t\t\t\t\t\t\t\t\t\t\t<figcaption class=\"widget-image-caption wp-caption-text\"><\/figcaption>\n\t\t\t\t\t\t\t\t\t\t<\/figure>\n\t\t\t\t\t\t\t<\/div>\n\t\t\t\t<\/div>\n\t\t\t\t<div class=\"elementor-element elementor-element-d1bb486 elementor-widget elementor-widget-oblo-section-heading\" data-id=\"d1bb486\" data-element_type=\"widget\" data-widget_type=\"oblo-section-heading.default\">\n\t\t\t\t<div class=\"elementor-widget-container\">\n\t\t\t\n\t\t<!-- Section Started Heading -->\n\t\t<div class=\"section section-inner started-heading\">\n\t\t\t<div class=\"container\">\n\t\t\t\t<div class=\"row\">\n\t\t\t\t\t<div class=\"col-xs-12 col-sm-12 col-md-12 col-lg-12\">\n\n\t\t\t\t\t\t<!-- titles -->\n\t\t\t\t\t\t<div class=\"h-titles\">\n\t\t\t\t\t\t\t\t\t\t\t\t\t\t\t\t\t\t\t\t\t<div class=\"h-title splitting-text-anim-2 scroll-animate\" data-splitting=\"chars\" data-animate=\"active\">\n\t\t\t\t\t\t\t\t<span >\n\t\t\t\t\t\t\t\t\tDas Projekt\t\t\t\t\t\t\t\t<\/span>\n\t\t\t\t\t\t\t<\/div>\n\t\t\t\t\t\t\t\t\t\t\t\t\t\t\t\t\t\t\t\t<\/div>\n\n\t\t\t\t\t<\/div>\n\t\t\t\t<\/div>\n\t\t\t<\/div>\n\t\t<\/div>\n\n\t\t\t\t<\/div>\n\t\t\t\t<\/div>\n\t\t\t\t\t<\/div>\n\t\t<\/div>\n\t\t\t\t\t<\/div>\n\t\t<\/section>\n\t\t\t\t<section class=\"elementor-section elementor-top-section elementor-element elementor-element-b255ab3 elementor-section-full_width elementor-section-height-default elementor-section-height-default\" data-id=\"b255ab3\" data-element_type=\"section\">\n\t\t\t\t\t\t<div class=\"elementor-container elementor-column-gap-no\">\n\t\t\t\t\t<div class=\"elementor-column elementor-col-100 elementor-top-column elementor-element elementor-element-b17c3d5\" data-id=\"b17c3d5\" data-element_type=\"column\">\n\t\t\t<div class=\"elementor-widget-wrap elementor-element-populated\">\n\t\t\t\t\t\t<div class=\"elementor-element elementor-element-12d3e62 elementor-widget elementor-widget-oblo-section-description\" data-id=\"12d3e62\" data-element_type=\"widget\" data-widget_type=\"oblo-section-description.default\">\n\t\t\t\t<div class=\"elementor-widget-container\">\n\t\t\t\n\t\t<!-- Section Description -->\n\t\t<div class=\"section section-inner m-description\">\n\t\t\t<div class=\"container\">\n\t\t\t\t<div class=\"row\">\n\t\t\t\t\t<div class=\"col-xs-12 col-sm-12 col-md-12 align-left col-lg-3\">\n\t\t\t\t\t\t\t\t\t\t\t\t<div class=\"m-titles\">\n\t\t\t\t\t\t\t<div class=\"m-title scrolla-element-anim-1 scroll-animate\" data-animate=\"active\">\n\t\t\t\t\t\t\t\t<span >\n\t\t\t\t\t\t\t\t\tLicht der Hoffnung\nf\u00fcr sehbehinderte Kinder in der Ukraine\t\t\t\t\t\t\t\t<\/span>\n\t\t\t\t\t\t\t<\/div>\n\t\t\t\t\t\t<\/div>\n\t\t\t\t\t\t\t\t\t\t\t<\/div>\n\t\t\t\t\t<div class=\"col-xs-12 col-sm-12 col-md-12 col-lg-9\">\n\t\t\t\t\t\t\t\t\t\t\t\t<div class=\"description-text scrolla-element-anim-1 scroll-animate\" data-animate=\"active\">\n\t\t\t\t\t\t\t<div >\n\t\t\t\t\t\t\t\t<p>Wenn Kinder die Welt nicht sehen k\u00f6nnen, brauchen sie Menschen, die an ihrer Seite stehen. Menschen, die ihnen helfen, das Leben trotz Dunkelheit zu begreifen. Genau das tun die Franziskanerschwestern \u201eDienerinnen des Kreuzes\u201c seit vielen Jahren \u2013 mit unerm\u00fcdlichem Engagement, Herz und fachlicher Kompetenz. In der westukrainischen Ortschaft Staryj Skalat f\u00fchren sie das Rehabilitationszentrum \u201eLicht der Hoffnung\u201c, das einzige seiner Art im ganzen Land f\u00fcr blinde und sehbehinderte Kinder im Alter von 0 bis 8 Jahren.<\/p><p>Hier lernen die Kinder, sich zu orientieren, ihre Umwelt wahrzunehmen, zu sprechen, zu greifen und sich zu bewegen. Ebenso wichtig: Auch die Eltern werden geschult, wie sie ihre Kinder f\u00f6rdern und im Alltag begleiten k\u00f6nnen. J\u00e4hrlich kommen Familien aus allen Regionen der Ukraine, oft \u00fcber hunderte Kilometer, um an zweiw\u00f6chigen Therapieprogrammen teilzunehmen.<br \/>Doch die anhaltende Krise, der Krieg und die steigenden Preise haben das Zentrum an seine Grenzen gebracht. Die Schwestern verlangen kein Geld \u2013 die meisten Familien leben in gro\u00dfer Armut, viele M\u00fctter sind alleinerziehend. Nun aber sind die finanziellen Mittel der Schwestern ersch\u00f6pft. Damit der Betrieb des Behandlungszentrums gesichert bleibt, braucht es Unterst\u00fctzung f\u00fcr Unterkunft, Verpflegung, Therapiematerialien und dringend notwendige Reparaturen.<\/p><p>Seit der Er\u00f6ffnung im Jahr 2012 konnte \u00fcber 300 Familien geholfen werden \u2013 jedes dieser Kinder hat durch die liebevolle Betreuung neue Hoffnung gesch\u00f6pft.<\/p>\t\t\t\t\t\t\t<\/div>\n\t\t\t\t\t\t<\/div>\n\t\t\t\t\t\t\t\t\t\t\t<\/div>\n\t\t\t\t<\/div>\n\t\t\t<\/div>\n\t\t<\/div>\n\n\t\t\t\t<\/div>\n\t\t\t\t<\/div>\n\t\t\t\t\t<\/div>\n\t\t<\/div>\n\t\t\t\t\t<\/div>\n\t\t<\/section>\n\t\t\t\t<section class=\"elementor-section elementor-top-section elementor-element elementor-element-04ff947 elementor-section-boxed elementor-section-height-default elementor-section-height-default\" data-id=\"04ff947\" data-element_type=\"section\">\n\t\t\t\t\t\t<div class=\"elementor-container elementor-column-gap-default\">\n\t\t\t\t\t<div class=\"elementor-column elementor-col-100 elementor-top-column elementor-element elementor-element-99533f3\" data-id=\"99533f3\" data-element_type=\"column\">\n\t\t\t<div class=\"elementor-widget-wrap elementor-element-populated\">\n\t\t\t\t\t\t<div class=\"elementor-element elementor-element-b30a7c4 elementor-arrows-position-inside elementor-pagination-position-outside elementor-widget elementor-widget-image-carousel\" data-id=\"b30a7c4\" data-element_type=\"widget\" data-settings=\"{&quot;slides_to_show&quot;:&quot;5&quot;,&quot;navigation&quot;:&quot;both&quot;,&quot;autoplay&quot;:&quot;yes&quot;,&quot;pause_on_hover&quot;:&quot;yes&quot;,&quot;pause_on_interaction&quot;:&quot;yes&quot;,&quot;autoplay_speed&quot;:5000,&quot;infinite&quot;:&quot;yes&quot;,&quot;speed&quot;:500}\" data-widget_type=\"image-carousel.default\">\n\t\t\t\t<div class=\"elementor-widget-container\">\n\t\t\t<style>\/*! elementor - v3.20.0 - 20-03-2024 *\/\n.elementor-widget-image-carousel .swiper,.elementor-widget-image-carousel .swiper-container{position:static}.elementor-widget-image-carousel .swiper-container .swiper-slide figure,.elementor-widget-image-carousel .swiper .swiper-slide figure{line-height:inherit}.elementor-widget-image-carousel .swiper-slide{text-align:center}.elementor-image-carousel-wrapper:not(.swiper-container-initialized):not(.swiper-initialized) .swiper-slide{max-width:calc(100% \/ var(--e-image-carousel-slides-to-show, 3))}<\/style>\t\t<div class=\"elementor-image-carousel-wrapper swiper\" dir=\"ltr\">\n\t\t\t<div class=\"elementor-image-carousel swiper-wrapper\" aria-live=\"off\">\n\t\t\t\t\t\t\t\t<div class=\"swiper-slide\" role=\"group\" aria-roledescription=\"slide\" aria-label=\"1 of 15\"><a data-elementor-open-lightbox=\"yes\" data-elementor-lightbox-slideshow=\"b30a7c4\" data-elementor-lightbox-title=\"IMG_1945\" data-e-action-hash=\"#elementor-action%3Aaction%3Dlightbox%26settings%3DeyJpZCI6MzUyNiwidXJsIjoiaHR0cHM6XC9cL2ZyYW56aGlsZi1iZW5lZml6a29uemVydC5hdFwvd3AtY29udGVudFwvdXBsb2Fkc1wvMjAyNVwvMTJcL0lNR18xOTQ1LmpwZyIsInNsaWRlc2hvdyI6ImIzMGE3YzQifQ%3D%3D\" href=\"https:\/\/franzhilf-benefizkonzert.at\/wp-content\/uploads\/2025\/12\/IMG_1945.jpg\"><figure class=\"swiper-slide-inner\"><img decoding=\"async\" class=\"swiper-slide-image\" src=\"https:\/\/franzhilf-benefizkonzert.at\/wp-content\/uploads\/2025\/12\/IMG_1945-150x150.jpg\" alt=\"IMG_1945\" \/><\/figure><\/a><\/div><div class=\"swiper-slide\" role=\"group\" aria-roledescription=\"slide\" aria-label=\"2 of 15\"><a data-elementor-open-lightbox=\"yes\" data-elementor-lightbox-slideshow=\"b30a7c4\" data-elementor-lightbox-title=\"c33e9a85-6eeb-4a35-89ab-b37562f7a4c6\" data-e-action-hash=\"#elementor-action%3Aaction%3Dlightbox%26settings%3DeyJpZCI6MzUzMSwidXJsIjoiaHR0cHM6XC9cL2ZyYW56aGlsZi1iZW5lZml6a29uemVydC5hdFwvd3AtY29udGVudFwvdXBsb2Fkc1wvMjAyNVwvMTJcL2MzM2U5YTg1LTZlZWItNGEzNS04OWFiLWIzNzU2MmY3YTRjNi5qcGciLCJzbGlkZXNob3ciOiJiMzBhN2M0In0%3D\" href=\"https:\/\/franzhilf-benefizkonzert.at\/wp-content\/uploads\/2025\/12\/c33e9a85-6eeb-4a35-89ab-b37562f7a4c6.jpg\"><figure class=\"swiper-slide-inner\"><img decoding=\"async\" class=\"swiper-slide-image\" src=\"https:\/\/franzhilf-benefizkonzert.at\/wp-content\/uploads\/2025\/12\/c33e9a85-6eeb-4a35-89ab-b37562f7a4c6-150x150.jpg\" alt=\"c33e9a85-6eeb-4a35-89ab-b37562f7a4c6\" \/><\/figure><\/a><\/div><div class=\"swiper-slide\" role=\"group\" aria-roledescription=\"slide\" aria-label=\"3 of 15\"><a data-elementor-open-lightbox=\"yes\" data-elementor-lightbox-slideshow=\"b30a7c4\" data-elementor-lightbox-title=\"IMG_20210909_185529\" data-e-action-hash=\"#elementor-action%3Aaction%3Dlightbox%26settings%3DeyJpZCI6MzUzNCwidXJsIjoiaHR0cHM6XC9cL2ZyYW56aGlsZi1iZW5lZml6a29uemVydC5hdFwvd3AtY29udGVudFwvdXBsb2Fkc1wvMjAyNVwvMTJcL0lNR18yMDIxMDkwOV8xODU1MjkuanBnIiwic2xpZGVzaG93IjoiYjMwYTdjNCJ9\" href=\"https:\/\/franzhilf-benefizkonzert.at\/wp-content\/uploads\/2025\/12\/IMG_20210909_185529.jpg\"><figure class=\"swiper-slide-inner\"><img decoding=\"async\" class=\"swiper-slide-image\" src=\"https:\/\/franzhilf-benefizkonzert.at\/wp-content\/uploads\/2025\/12\/IMG_20210909_185529-150x150.jpg\" alt=\"IMG_20210909_185529\" \/><\/figure><\/a><\/div><div class=\"swiper-slide\" role=\"group\" aria-roledescription=\"slide\" aria-label=\"4 of 15\"><a data-elementor-open-lightbox=\"yes\" data-elementor-lightbox-slideshow=\"b30a7c4\" data-elementor-lightbox-title=\"IMG_1962\" data-e-action-hash=\"#elementor-action%3Aaction%3Dlightbox%26settings%3DeyJpZCI6MzUyNywidXJsIjoiaHR0cHM6XC9cL2ZyYW56aGlsZi1iZW5lZml6a29uemVydC5hdFwvd3AtY29udGVudFwvdXBsb2Fkc1wvMjAyNVwvMTJcL0lNR18xOTYyLmpwZyIsInNsaWRlc2hvdyI6ImIzMGE3YzQifQ%3D%3D\" href=\"https:\/\/franzhilf-benefizkonzert.at\/wp-content\/uploads\/2025\/12\/IMG_1962.jpg\"><figure class=\"swiper-slide-inner\"><img decoding=\"async\" class=\"swiper-slide-image\" src=\"https:\/\/franzhilf-benefizkonzert.at\/wp-content\/uploads\/2025\/12\/IMG_1962-150x150.jpg\" alt=\"IMG_1962\" \/><\/figure><\/a><\/div><div class=\"swiper-slide\" role=\"group\" aria-roledescription=\"slide\" aria-label=\"5 of 15\"><a data-elementor-open-lightbox=\"yes\" data-elementor-lightbox-slideshow=\"b30a7c4\" data-elementor-lightbox-title=\"IMG_1944\" data-e-action-hash=\"#elementor-action%3Aaction%3Dlightbox%26settings%3DeyJpZCI6MzUyNSwidXJsIjoiaHR0cHM6XC9cL2ZyYW56aGlsZi1iZW5lZml6a29uemVydC5hdFwvd3AtY29udGVudFwvdXBsb2Fkc1wvMjAyNVwvMTJcL0lNR18xOTQ0LmpwZyIsInNsaWRlc2hvdyI6ImIzMGE3YzQifQ%3D%3D\" href=\"https:\/\/franzhilf-benefizkonzert.at\/wp-content\/uploads\/2025\/12\/IMG_1944.jpg\"><figure class=\"swiper-slide-inner\"><img decoding=\"async\" class=\"swiper-slide-image\" src=\"https:\/\/franzhilf-benefizkonzert.at\/wp-content\/uploads\/2025\/12\/IMG_1944-150x150.jpg\" alt=\"IMG_1944\" \/><\/figure><\/a><\/div><div class=\"swiper-slide\" role=\"group\" aria-roledescription=\"slide\" aria-label=\"6 of 15\"><a data-elementor-open-lightbox=\"yes\" data-elementor-lightbox-slideshow=\"b30a7c4\" data-elementor-lightbox-title=\"IMG_20240424_223509\" data-e-action-hash=\"#elementor-action%3Aaction%3Dlightbox%26settings%3DeyJpZCI6MzUzOCwidXJsIjoiaHR0cHM6XC9cL2ZyYW56aGlsZi1iZW5lZml6a29uemVydC5hdFwvd3AtY29udGVudFwvdXBsb2Fkc1wvMjAyNVwvMTJcL0lNR18yMDI0MDQyNF8yMjM1MDkuanBnIiwic2xpZGVzaG93IjoiYjMwYTdjNCJ9\" href=\"https:\/\/franzhilf-benefizkonzert.at\/wp-content\/uploads\/2025\/12\/IMG_20240424_223509.jpg\"><figure class=\"swiper-slide-inner\"><img decoding=\"async\" class=\"swiper-slide-image\" src=\"https:\/\/franzhilf-benefizkonzert.at\/wp-content\/uploads\/2025\/12\/IMG_20240424_223509-150x150.jpg\" alt=\"IMG_20240424_223509\" \/><\/figure><\/a><\/div><div class=\"swiper-slide\" role=\"group\" aria-roledescription=\"slide\" aria-label=\"7 of 15\"><a data-elementor-open-lightbox=\"yes\" data-elementor-lightbox-slideshow=\"b30a7c4\" data-elementor-lightbox-title=\"IMG_20210906_000123\" data-e-action-hash=\"#elementor-action%3Aaction%3Dlightbox%26settings%3DeyJpZCI6MzUzMywidXJsIjoiaHR0cHM6XC9cL2ZyYW56aGlsZi1iZW5lZml6a29uemVydC5hdFwvd3AtY29udGVudFwvdXBsb2Fkc1wvMjAyNVwvMTJcL0lNR18yMDIxMDkwNl8wMDAxMjMuanBnIiwic2xpZGVzaG93IjoiYjMwYTdjNCJ9\" href=\"https:\/\/franzhilf-benefizkonzert.at\/wp-content\/uploads\/2025\/12\/IMG_20210906_000123.jpg\"><figure class=\"swiper-slide-inner\"><img decoding=\"async\" class=\"swiper-slide-image\" src=\"https:\/\/franzhilf-benefizkonzert.at\/wp-content\/uploads\/2025\/12\/IMG_20210906_000123-150x150.jpg\" alt=\"IMG_20210906_000123\" \/><\/figure><\/a><\/div><div class=\"swiper-slide\" role=\"group\" aria-roledescription=\"slide\" aria-label=\"8 of 15\"><a data-elementor-open-lightbox=\"yes\" data-elementor-lightbox-slideshow=\"b30a7c4\" data-elementor-lightbox-title=\"IMG_1988\" data-e-action-hash=\"#elementor-action%3Aaction%3Dlightbox%26settings%3DeyJpZCI6MzUyOCwidXJsIjoiaHR0cHM6XC9cL2ZyYW56aGlsZi1iZW5lZml6a29uemVydC5hdFwvd3AtY29udGVudFwvdXBsb2Fkc1wvMjAyNVwvMTJcL0lNR18xOTg4LmpwZyIsInNsaWRlc2hvdyI6ImIzMGE3YzQifQ%3D%3D\" href=\"https:\/\/franzhilf-benefizkonzert.at\/wp-content\/uploads\/2025\/12\/IMG_1988.jpg\"><figure class=\"swiper-slide-inner\"><img decoding=\"async\" class=\"swiper-slide-image\" src=\"https:\/\/franzhilf-benefizkonzert.at\/wp-content\/uploads\/2025\/12\/IMG_1988-150x150.jpg\" alt=\"IMG_1988\" \/><\/figure><\/a><\/div><div class=\"swiper-slide\" role=\"group\" aria-roledescription=\"slide\" aria-label=\"9 of 15\"><a data-elementor-open-lightbox=\"yes\" data-elementor-lightbox-slideshow=\"b30a7c4\" data-elementor-lightbox-title=\"1ca89267-1de1-44e3-a505-561c949c161c\" data-e-action-hash=\"#elementor-action%3Aaction%3Dlightbox%26settings%3DeyJpZCI6MzUyOSwidXJsIjoiaHR0cHM6XC9cL2ZyYW56aGlsZi1iZW5lZml6a29uemVydC5hdFwvd3AtY29udGVudFwvdXBsb2Fkc1wvMjAyNVwvMTJcLzFjYTg5MjY3LTFkZTEtNDRlMy1hNTA1LTU2MWM5NDljMTYxYy5qcGciLCJzbGlkZXNob3ciOiJiMzBhN2M0In0%3D\" href=\"https:\/\/franzhilf-benefizkonzert.at\/wp-content\/uploads\/2025\/12\/1ca89267-1de1-44e3-a505-561c949c161c.jpg\"><figure class=\"swiper-slide-inner\"><img decoding=\"async\" class=\"swiper-slide-image\" src=\"https:\/\/franzhilf-benefizkonzert.at\/wp-content\/uploads\/2025\/12\/1ca89267-1de1-44e3-a505-561c949c161c-150x150.jpg\" alt=\"1ca89267-1de1-44e3-a505-561c949c161c\" \/><\/figure><\/a><\/div><div class=\"swiper-slide\" role=\"group\" aria-roledescription=\"slide\" aria-label=\"10 of 15\"><a data-elementor-open-lightbox=\"yes\" data-elementor-lightbox-slideshow=\"b30a7c4\" data-elementor-lightbox-title=\"67793665_2345709088808005_4195493478307725312_n\" data-e-action-hash=\"#elementor-action%3Aaction%3Dlightbox%26settings%3DeyJpZCI6MzUzMCwidXJsIjoiaHR0cHM6XC9cL2ZyYW56aGlsZi1iZW5lZml6a29uemVydC5hdFwvd3AtY29udGVudFwvdXBsb2Fkc1wvMjAyNVwvMTJcLzY3NzkzNjY1XzIzNDU3MDkwODg4MDgwMDVfNDE5NTQ5MzQ3ODMwNzcyNTMxMl9uLmpwZyIsInNsaWRlc2hvdyI6ImIzMGE3YzQifQ%3D%3D\" href=\"https:\/\/franzhilf-benefizkonzert.at\/wp-content\/uploads\/2025\/12\/67793665_2345709088808005_4195493478307725312_n.jpg\"><figure class=\"swiper-slide-inner\"><img decoding=\"async\" class=\"swiper-slide-image\" src=\"https:\/\/franzhilf-benefizkonzert.at\/wp-content\/uploads\/2025\/12\/67793665_2345709088808005_4195493478307725312_n-150x150.jpg\" alt=\"67793665_2345709088808005_4195493478307725312_n\" \/><\/figure><\/a><\/div><div class=\"swiper-slide\" role=\"group\" aria-roledescription=\"slide\" aria-label=\"11 of 15\"><a data-elementor-open-lightbox=\"yes\" data-elementor-lightbox-slideshow=\"b30a7c4\" data-elementor-lightbox-title=\"IMG_20210906_000048\" data-e-action-hash=\"#elementor-action%3Aaction%3Dlightbox%26settings%3DeyJpZCI6MzUzMiwidXJsIjoiaHR0cHM6XC9cL2ZyYW56aGlsZi1iZW5lZml6a29uemVydC5hdFwvd3AtY29udGVudFwvdXBsb2Fkc1wvMjAyNVwvMTJcL0lNR18yMDIxMDkwNl8wMDAwNDguanBnIiwic2xpZGVzaG93IjoiYjMwYTdjNCJ9\" href=\"https:\/\/franzhilf-benefizkonzert.at\/wp-content\/uploads\/2025\/12\/IMG_20210906_000048.jpg\"><figure class=\"swiper-slide-inner\"><img decoding=\"async\" class=\"swiper-slide-image\" src=\"https:\/\/franzhilf-benefizkonzert.at\/wp-content\/uploads\/2025\/12\/IMG_20210906_000048-150x150.jpg\" alt=\"IMG_20210906_000048\" \/><\/figure><\/a><\/div><div class=\"swiper-slide\" role=\"group\" aria-roledescription=\"slide\" aria-label=\"12 of 15\"><a data-elementor-open-lightbox=\"yes\" data-elementor-lightbox-slideshow=\"b30a7c4\" data-elementor-lightbox-title=\"IMG_20220113_212057\" data-e-action-hash=\"#elementor-action%3Aaction%3Dlightbox%26settings%3DeyJpZCI6MzUzNSwidXJsIjoiaHR0cHM6XC9cL2ZyYW56aGlsZi1iZW5lZml6a29uemVydC5hdFwvd3AtY29udGVudFwvdXBsb2Fkc1wvMjAyNVwvMTJcL0lNR18yMDIyMDExM18yMTIwNTcuanBnIiwic2xpZGVzaG93IjoiYjMwYTdjNCJ9\" href=\"https:\/\/franzhilf-benefizkonzert.at\/wp-content\/uploads\/2025\/12\/IMG_20220113_212057.jpg\"><figure class=\"swiper-slide-inner\"><img decoding=\"async\" class=\"swiper-slide-image\" src=\"https:\/\/franzhilf-benefizkonzert.at\/wp-content\/uploads\/2025\/12\/IMG_20220113_212057-150x150.jpg\" alt=\"IMG_20220113_212057\" \/><\/figure><\/a><\/div><div class=\"swiper-slide\" role=\"group\" aria-roledescription=\"slide\" aria-label=\"13 of 15\"><a data-elementor-open-lightbox=\"yes\" data-elementor-lightbox-slideshow=\"b30a7c4\" data-elementor-lightbox-title=\"IMG_20221218_193851\" data-e-action-hash=\"#elementor-action%3Aaction%3Dlightbox%26settings%3DeyJpZCI6MzUzNiwidXJsIjoiaHR0cHM6XC9cL2ZyYW56aGlsZi1iZW5lZml6a29uemVydC5hdFwvd3AtY29udGVudFwvdXBsb2Fkc1wvMjAyNVwvMTJcL0lNR18yMDIyMTIxOF8xOTM4NTEuanBnIiwic2xpZGVzaG93IjoiYjMwYTdjNCJ9\" href=\"https:\/\/franzhilf-benefizkonzert.at\/wp-content\/uploads\/2025\/12\/IMG_20221218_193851.jpg\"><figure class=\"swiper-slide-inner\"><img decoding=\"async\" class=\"swiper-slide-image\" src=\"https:\/\/franzhilf-benefizkonzert.at\/wp-content\/uploads\/2025\/12\/IMG_20221218_193851-150x150.jpg\" alt=\"IMG_20221218_193851\" \/><\/figure><\/a><\/div><div class=\"swiper-slide\" role=\"group\" aria-roledescription=\"slide\" aria-label=\"14 of 15\"><a data-elementor-open-lightbox=\"yes\" data-elementor-lightbox-slideshow=\"b30a7c4\" data-elementor-lightbox-title=\"IMG_20240424_222500\" data-e-action-hash=\"#elementor-action%3Aaction%3Dlightbox%26settings%3DeyJpZCI6MzUzNywidXJsIjoiaHR0cHM6XC9cL2ZyYW56aGlsZi1iZW5lZml6a29uemVydC5hdFwvd3AtY29udGVudFwvdXBsb2Fkc1wvMjAyNVwvMTJcL0lNR18yMDI0MDQyNF8yMjI1MDAuanBnIiwic2xpZGVzaG93IjoiYjMwYTdjNCJ9\" href=\"https:\/\/franzhilf-benefizkonzert.at\/wp-content\/uploads\/2025\/12\/IMG_20240424_222500.jpg\"><figure class=\"swiper-slide-inner\"><img decoding=\"async\" class=\"swiper-slide-image\" src=\"https:\/\/franzhilf-benefizkonzert.at\/wp-content\/uploads\/2025\/12\/IMG_20240424_222500-150x150.jpg\" alt=\"IMG_20240424_222500\" \/><\/figure><\/a><\/div><div class=\"swiper-slide\" role=\"group\" aria-roledescription=\"slide\" aria-label=\"15 of 15\"><a data-elementor-open-lightbox=\"yes\" data-elementor-lightbox-slideshow=\"b30a7c4\" data-elementor-lightbox-title=\"IMG_20240917_213030\" data-e-action-hash=\"#elementor-action%3Aaction%3Dlightbox%26settings%3DeyJpZCI6MzUzOSwidXJsIjoiaHR0cHM6XC9cL2ZyYW56aGlsZi1iZW5lZml6a29uemVydC5hdFwvd3AtY29udGVudFwvdXBsb2Fkc1wvMjAyNVwvMTJcL0lNR18yMDI0MDkxN18yMTMwMzAuanBnIiwic2xpZGVzaG93IjoiYjMwYTdjNCJ9\" href=\"https:\/\/franzhilf-benefizkonzert.at\/wp-content\/uploads\/2025\/12\/IMG_20240917_213030.jpg\"><figure class=\"swiper-slide-inner\"><img decoding=\"async\" class=\"swiper-slide-image\" src=\"https:\/\/franzhilf-benefizkonzert.at\/wp-content\/uploads\/2025\/12\/IMG_20240917_213030-150x150.jpg\" alt=\"IMG_20240917_213030\" \/><\/figure><\/a><\/div>\t\t\t<\/div>\n\t\t\t\t\t\t\t\t\t\t\t\t<div class=\"elementor-swiper-button elementor-swiper-button-prev\" role=\"button\" tabindex=\"0\">\n\t\t\t\t\t\t<i aria-hidden=\"true\" class=\"eicon-chevron-left\"><\/i>\t\t\t\t\t<\/div>\n\t\t\t\t\t<div class=\"elementor-swiper-button elementor-swiper-button-next\" role=\"button\" tabindex=\"0\">\n\t\t\t\t\t\t<i aria-hidden=\"true\" class=\"eicon-chevron-right\"><\/i>\t\t\t\t\t<\/div>\n\t\t\t\t\n\t\t\t\t\t\t\t\t\t<div class=\"swiper-pagination\"><\/div>\n\t\t\t\t\t\t\t\t\t<\/div>\n\t\t\t\t<\/div>\n\t\t\t\t<\/div>\n\t\t\t\t\t<\/div>\n\t\t<\/div>\n\t\t\t\t\t<\/div>\n\t\t<\/section>\n\t\t\t\t<\/div>\n\t\t","protected":false},"excerpt":{"rendered":"<p>Das Projekt Licht der Hoffnung f\u00fcr sehbehinderte Kinder in der Ukraine Wenn Kinder die Welt nicht sehen k\u00f6nnen, brauchen sie Menschen, die an ihrer Seite stehen. Menschen, die ihnen helfen, das Leben trotz Dunkelheit zu begreifen. Genau das tun die Franziskanerschwestern \u201eDienerinnen des Kreuzes\u201c&#8230; <\/p>\n<div class=\"readmore\"><a href=\"https:\/\/franzhilf-benefizkonzert.at\/?page_id=2642\" class=\"btn-link\">Read more<\/a><\/div>\n","protected":false},"author":1,"featured_media":0,"parent":0,"menu_order":0,"comment_status":"closed","ping_status":"closed","template":"template-layout-builder.php","meta":{"footnotes":""},"acf":[],"_links":{"self":[{"href":"https:\/\/franzhilf-benefizkonzert.at\/index.php?rest_route=\/wp\/v2\/pages\/2642"}],"collection":[{"href":"https:\/\/franzhilf-benefizkonzert.at\/index.php?rest_route=\/wp\/v2\/pages"}],"about":[{"href":"https:\/\/franzhilf-benefizkonzert.at\/index.php?rest_route=\/wp\/v2\/types\/page"}],"author":[{"embeddable":true,"href":"https:\/\/franzhilf-benefizkonzert.at\/index.php?rest_route=\/wp\/v2\/users\/1"}],"replies":[{"embeddable":true,"href":"https:\/\/franzhilf-benefizkonzert.at\/index.php?rest_route=%2Fwp%2Fv2%2Fcomments&post=2642"}],"version-history":[{"count":25,"href":"https:\/\/franzhilf-benefizkonzert.at\/index.php?rest_route=\/wp\/v2\/pages\/2642\/revisions"}],"predecessor-version":[{"id":3543,"href":"https:\/\/franzhilf-benefizkonzert.at\/index.php?rest_route=\/wp\/v2\/pages\/2642\/revisions\/3543"}],"wp:attachment":[{"href":"https:\/\/franzhilf-benefizkonzert.at\/index.php?rest_route=%2Fwp%2Fv2%2Fmedia&parent=2642"}],"curies":[{"name":"wp","href":"https:\/\/api.w.org\/{rel}","templated":true}]}}