{"id":2610,"date":"2022-10-14T14:40:26","date_gmt":"2022-10-14T14:40:26","guid":{"rendered":"https:\/\/franzhilf-benefizkonzert.at\/?page_id=2610"},"modified":"2026-03-10T09:57:08","modified_gmt":"2026-03-10T09:57:08","slug":"kontakt-und-karten","status":"publish","type":"page","link":"https:\/\/franzhilf-benefizkonzert.at\/?page_id=2610","title":{"rendered":"Kontakt und Karten"},"content":{"rendered":"\t\t<div data-elementor-type=\"wp-page\" data-elementor-id=\"2610\" class=\"elementor elementor-2610\">\n\t\t\t\t\t\t<section class=\"elementor-section elementor-top-section elementor-element elementor-element-9f3c6a6 elementor-section-full_width elementor-section-height-default elementor-section-height-default\" data-id=\"9f3c6a6\" data-element_type=\"section\">\n\t\t\t\t\t\t<div class=\"elementor-container elementor-column-gap-no\">\n\t\t\t\t\t<div class=\"elementor-column elementor-col-100 elementor-top-column elementor-element elementor-element-a898b23\" data-id=\"a898b23\" data-element_type=\"column\">\n\t\t\t<div class=\"elementor-widget-wrap\">\n\t\t\t\t\t\t\t<\/div>\n\t\t<\/div>\n\t\t\t\t\t<\/div>\n\t\t<\/section>\n\t\t\t\t<section class=\"elementor-section elementor-top-section elementor-element elementor-element-b497759 elementor-section-height-min-height elementor-section-full_width elementor-section-height-default elementor-section-items-middle\" data-id=\"b497759\" data-element_type=\"section\">\n\t\t\t\t\t\t<div class=\"elementor-container elementor-column-gap-no\">\n\t\t\t\t\t<div class=\"elementor-column elementor-col-100 elementor-top-column elementor-element elementor-element-03bc726\" data-id=\"03bc726\" data-element_type=\"column\">\n\t\t\t<div class=\"elementor-widget-wrap elementor-element-populated\">\n\t\t\t\t\t\t<div class=\"elementor-element elementor-element-b7b4760 elementor-widget__width-inherit elementor-widget elementor-widget-oblo-hero-image-2\" data-id=\"b7b4760\" data-element_type=\"widget\" data-widget_type=\"oblo-hero-image-2.default\">\n\t\t\t\t<div class=\"elementor-widget-container\">\n\t\t\t\n\t\t<!-- Section Contacts Started -->\n\t\t<div class=\"section hero-started contacts-started\" data-dispimgpath=\"https:\/\/franzhilf-benefizkonzert.at\/wp-content\/themes\/oblo\/assets\/images\/pointilize.jpg\">\n\t\t\t<div class=\"hero-started__shadow\"><\/div>\n\t\t\t\t\t\t<!-- slide -->\n\t\t\t<div class=\"slide\"><img decoding=\"async\" src=\"https:\/\/franzhilf-benefizkonzert.at\/wp-content\/uploads\/2025\/12\/Kinderfest-1920x1014.jpg\" class=\"started-item__image\" alt=\"\" \/><\/div>\n\t\t\t<div class=\"canvas started-items__image\"><\/div>\n\t\t\t\n\t\t\t<div class=\"container\">\n\n\t\t\t\t<!-- titles -->\n\t\t\t\t<div class=\"h-titles\">\n\t\t\t\t\t\t\t\t\t\t\t\t\t\t\t<div class=\"h-title splitting-text-anim-2 scroll-animate\" data-splitting=\"chars\" data-animate=\"active\">\n\t\t\t\t\t\t<span >\n\t\t\t\t\t\t\tKarten und Spenden\t\t\t\t\t\t<\/span>\n\t\t\t\t\t<\/div>\n\t\t\t\t\t\t\t\t\t\t\t\t\t\t<\/div>\n\t\t\t\t\n\t\t\t<\/div>\n\n\t\t<\/div>\n\n\t\t\t\t<\/div>\n\t\t\t\t<\/div>\n\t\t\t\t<div class=\"elementor-element elementor-element-72f6968 elementor-widget elementor-widget-oblo-section-description\" data-id=\"72f6968\" data-element_type=\"widget\" data-widget_type=\"oblo-section-description.default\">\n\t\t\t\t<div class=\"elementor-widget-container\">\n\t\t\t\n\t\t<!-- Section Description -->\n\t\t<div class=\"section section-inner m-description\">\n\t\t\t<div class=\"container\">\n\t\t\t\t<div class=\"row\">\n\t\t\t\t\t<div class=\"col-xs-12 col-sm-12 col-md-12 align-left col-lg-3\">\n\t\t\t\t\t\t\t\t\t\t\t\t<div class=\"m-titles\">\n\t\t\t\t\t\t\t<div class=\"m-title scrolla-element-anim-1 scroll-animate\" data-animate=\"active\">\n\t\t\t\t\t\t\t\t<span >\n\t\t\t\t\t\t\t\t\tSpenden\t\t\t\t\t\t\t\t<\/span>\n\t\t\t\t\t\t\t<\/div>\n\t\t\t\t\t\t<\/div>\n\t\t\t\t\t\t\t\t\t\t\t<\/div>\n\t\t\t\t\t<div class=\"col-xs-12 col-sm-12 col-md-12 col-lg-9\">\n\t\t\t\t\t\t\t\t\t\t\t\t<div class=\"description-text scrolla-element-anim-1 scroll-animate\" data-animate=\"active\">\n\t\t\t\t\t\t\t<div >\n\t\t\t\t\t\t\t\t<p>Mit dem Benefizkonzert 2026 wollen wir gemeinsam 45.000 Euro aufbringen, um den Fortbestand dieses einzigartigen Projekts zu sichern. Jeder Beitrag schenkt Licht \u2013 dort, wo es am meisten gebraucht wird. Spenden Sie Hoffnung. Schenken Sie Zukunft!<\/p><p>Sollten Sie das \"Licht der Hoffnung\" der Franziskanerinnen in der Ukraine unterst\u00fctzen wollen, ohne das Konzert zu besuchen, so bitten wir Sie, das Konto Franz Hilf, IBAN: AT91 3200 0000 1012 6506 zu nutzen, mit dem Vermerk \u201eSpende Konzert 2026 ohne Karte\u201c. Herzlichen Dank!<\/p><p>Spenden an Franz Hilf \u2013 Franziskaner f\u00fcr Menschen in Not sind steuerbeg\u00fcnstigt. Daf\u00fcr ist die Angabe des Namens (ident wie auf dem Meldezettel) und des Geburtsdatums erforderlich. <br \/>Der Verein hat in der Liste der steuerbeg\u00fcnstigten Organisationen den Code SO 1362 und tr\u00e4gt das Spendeng\u00fctesiegel Nr. 05157.<\/p><p>Ihre Unterst\u00fctzung hilft den Franziskanerinnen, ihre menschlich so wichtige Aufgabe in der Ukraine zu erf\u00fcllen!\u00a0<\/p><p>Alle Unterst\u00fctzer werden am Beginn des Konzerts kurz vorgestellt. Auf Wunsch erhalten Sie eine Spendenbest\u00e4tigung und Freikarten f\u00fcr das Konzert.<\/p>\t\t\t\t\t\t\t<\/div>\n\t\t\t\t\t\t<\/div>\n\t\t\t\t\t\t\t\t\t\t\t<\/div>\n\t\t\t\t<\/div>\n\t\t\t<\/div>\n\t\t<\/div>\n\n\t\t\t\t<\/div>\n\t\t\t\t<\/div>\n\t\t\t\t<div class=\"elementor-element elementor-element-07763db elementor-widget elementor-widget-oblo-section-description\" data-id=\"07763db\" data-element_type=\"widget\" data-widget_type=\"oblo-section-description.default\">\n\t\t\t\t<div class=\"elementor-widget-container\">\n\t\t\t\n\t\t<!-- Section Description -->\n\t\t<div class=\"section section-inner m-description\">\n\t\t\t<div class=\"container\">\n\t\t\t\t<div class=\"row\">\n\t\t\t\t\t<div class=\"col-xs-12 col-sm-12 col-md-12 align-left col-lg-3\">\n\t\t\t\t\t\t\t\t\t\t\t\t<div class=\"m-titles\">\n\t\t\t\t\t\t\t<div class=\"m-title scrolla-element-anim-1 scroll-animate\" data-animate=\"active\">\n\t\t\t\t\t\t\t\t<span >\n\t\t\t\t\t\t\t\t\tKarten\t\t\t\t\t\t\t\t<\/span>\n\t\t\t\t\t\t\t<\/div>\n\t\t\t\t\t\t<\/div>\n\t\t\t\t\t\t\t\t\t\t\t<\/div>\n\t\t\t\t\t<div class=\"col-xs-12 col-sm-12 col-md-12 col-lg-9\">\n\t\t\t\t\t\t\t\t\t\t\t\t<div class=\"description-text scrolla-element-anim-1 scroll-animate\" data-animate=\"active\">\n\t\t\t\t\t\t\t<div >\n\t\t\t\t\t\t\t\t<p>Hier k\u00f6nnen Sie Karten online erwerben und selbst ausdrucken.<\/p><p>Sie m\u00fcssen sich nicht registrieren, wenn Sie als \"Gastbenutzer\" bestellen wollen.<\/p><p>Wenn Sie mehr als eine Karte bestellen m\u00f6chten, klicken Sie bitte nach der Bestellung der ersten Karte nochmals auf \"Hinzuf\u00fcgen\". Das Maximum pro Anmelder betr\u00e4gt vier Karten!<\/p>\t\t\t\t\t\t\t<\/div>\n\t\t\t\t\t\t<\/div>\n\t\t\t\t\t\t\t\t\t\t\t<\/div>\n\t\t\t\t<\/div>\n\t\t\t<\/div>\n\t\t<\/div>\n\n\t\t\t\t<\/div>\n\t\t\t\t<\/div>\n\t\t\t\t<div class=\"elementor-element elementor-element-ffca74b elementor-widget elementor-widget-html\" data-id=\"ffca74b\" data-element_type=\"widget\" data-widget_type=\"html.default\">\n\t\t\t\t<div class=\"elementor-widget-container\">\n\t\t\t<iframe frameBorder=\"0\" src=\"https:\/\/events.tickethead.io\/de\/tickethead\/event\/3935?header=false&description=false\" width=\"460px\" height=\"780px\"><\/iframe>\t\t<\/div>\n\t\t\t\t<\/div>\n\t\t\t\t\t<\/div>\n\t\t<\/div>\n\t\t\t\t\t<\/div>\n\t\t<\/section>\n\t\t\t\t<section class=\"elementor-section elementor-top-section elementor-element elementor-element-6784368 elementor-section-full_width elementor-section-height-default elementor-section-height-default\" data-id=\"6784368\" data-element_type=\"section\">\n\t\t\t\t\t\t<div class=\"elementor-container elementor-column-gap-no\">\n\t\t\t\t\t<div class=\"elementor-column elementor-col-100 elementor-top-column elementor-element elementor-element-43f1002\" data-id=\"43f1002\" data-element_type=\"column\">\n\t\t\t<div class=\"elementor-widget-wrap elementor-element-populated\">\n\t\t\t\t\t\t<div class=\"elementor-element elementor-element-62a025e elementor-widget elementor-widget-text-editor\" data-id=\"62a025e\" data-element_type=\"widget\" data-widget_type=\"text-editor.default\">\n\t\t\t\t<div class=\"elementor-widget-container\">\n\t\t\t<style>\/*! elementor - v3.20.0 - 20-03-2024 *\/\n.elementor-widget-text-editor.elementor-drop-cap-view-stacked .elementor-drop-cap{background-color:#69727d;color:#fff}.elementor-widget-text-editor.elementor-drop-cap-view-framed .elementor-drop-cap{color:#69727d;border:3px solid;background-color:transparent}.elementor-widget-text-editor:not(.elementor-drop-cap-view-default) .elementor-drop-cap{margin-top:8px}.elementor-widget-text-editor:not(.elementor-drop-cap-view-default) .elementor-drop-cap-letter{width:1em;height:1em}.elementor-widget-text-editor .elementor-drop-cap{float:left;text-align:center;line-height:1;font-size:50px}.elementor-widget-text-editor .elementor-drop-cap-letter{display:inline-block}<\/style>\t\t\t\t<p style=\"text-align: center;\">Alternativ stehen Ihnen die traditionellen Methoden zur Verf\u00fcgung:<\/p><ul style=\"text-align: center;\"><li>Bestellung per E-Mail an <span style=\"color: #800000;\"><a style=\"color: #800000;\" href=\"mailto:office@franzhilf.org\">office@franzhilf.org<\/a><\/span><\/li><li>Bestellung per Telefon 01\/ 585 49 06<\/li><li>Bestellung per Post an Franz Hilf, 1010 Wien, Franziskanerplatz 4<\/li><\/ul><p style=\"text-align: center;\">Die Z\u00e4hlkarten werden Ihnen dann per Post mit einem Zahlschein zugesandt.<\/p>\t\t\t\t\t\t<\/div>\n\t\t\t\t<\/div>\n\t\t\t\t<div class=\"elementor-element elementor-element-106aed7 elementor-widget elementor-widget-oblo-large-image\" data-id=\"106aed7\" data-element_type=\"widget\" data-widget_type=\"oblo-large-image.default\">\n\t\t\t\t<div class=\"elementor-widget-container\">\n\t\t\t\n\t\t\t\t<!-- Section Image Large -->\n\t\t<div class=\"section section-inner m-image-large scrolla-element-anim-1 scroll-animate\" data-animate=\"active\">\n\t\t\t<div class=\"image\">\n\t\t\t\t<div class=\"img js-parallax\" style=\"background-image: url(https:\/\/franzhilf-benefizkonzert.at\/wp-content\/uploads\/2025\/12\/IMG_20210909_185529.jpg);\"><\/div>\n\t\t\t<\/div>\n\t\t<\/div>\n\t\t\n\t\t\t\t<\/div>\n\t\t\t\t<\/div>\n\t\t\t\t<div class=\"elementor-element elementor-element-12d3e62 elementor-widget elementor-widget-oblo-section-description\" data-id=\"12d3e62\" data-element_type=\"widget\" data-widget_type=\"oblo-section-description.default\">\n\t\t\t\t<div class=\"elementor-widget-container\">\n\t\t\t\n\t\t<!-- Section Description -->\n\t\t<div class=\"section section-inner m-description\">\n\t\t\t<div class=\"container\">\n\t\t\t\t<div class=\"row\">\n\t\t\t\t\t<div class=\"col-xs-12 col-sm-12 col-md-12 align-left col-lg-3\">\n\t\t\t\t\t\t\t\t\t\t\t\t<div class=\"m-titles\">\n\t\t\t\t\t\t\t<div class=\"m-title scrolla-element-anim-1 scroll-animate\" data-animate=\"active\">\n\t\t\t\t\t\t\t\t<span >\n\t\t\t\t\t\t\t\t\t\"Licht der Hoffnung\"\nZentrum f\u00fcr blinde und sehbehinderte Kinder in der Ukraine\t\t\t\t\t\t\t\t<\/span>\n\t\t\t\t\t\t\t<\/div>\n\t\t\t\t\t\t<\/div>\n\t\t\t\t\t\t\t\t\t\t\t<\/div>\n\t\t\t\t\t<div class=\"col-xs-12 col-sm-12 col-md-12 col-lg-9\">\n\t\t\t\t\t\t\t\t\t\t\t\t<div class=\"description-text scrolla-element-anim-1 scroll-animate\" data-animate=\"active\">\n\t\t\t\t\t\t\t<div >\n\t\t\t\t\t\t\t\t<div title=\"Page 2\"><div><div><div><p>Wenn Kinder die Welt nicht sehen k\u00f6nnen, brauchen sie Menschen, die an ihrer Seite stehen. Menschen, die ihnen helfen, das Leben trotz Dunkelheit zu begreifen. Genau das tun die Franziskanerschwestern \u201eDienerinnen des Kreuzes\u201c seit vielen Jahren \u2013 mit unerm\u00fcdlichem Engagement, Herz und fachlicher Kompetenz. In der westukrainischen Ortschaft Staryj Skalat f\u00fchren sie das Rehabilitationszentrum \u201eLicht der Hoffnung\u201c, das einzige seiner Art im ganzen Land f\u00fcr blinde und sehbehinderte Kinder im Alter von 0 bis 8 Jahren.<\/p><\/div><\/div><\/div><\/div>\t\t\t\t\t\t\t<\/div>\n\t\t\t\t\t\t<\/div>\n\t\t\t\t\t\t\t\t\t\t\t<\/div>\n\t\t\t\t<\/div>\n\t\t\t<\/div>\n\t\t<\/div>\n\n\t\t\t\t<\/div>\n\t\t\t\t<\/div>\n\t\t\t\t\t<\/div>\n\t\t<\/div>\n\t\t\t\t\t<\/div>\n\t\t<\/section>\n\t\t\t\t<section class=\"elementor-section elementor-top-section elementor-element elementor-element-6443630 elementor-section-full_width elementor-section-height-default elementor-section-height-default\" data-id=\"6443630\" data-element_type=\"section\">\n\t\t\t\t\t\t<div class=\"elementor-container elementor-column-gap-no\">\n\t\t\t\t\t<div class=\"elementor-column elementor-col-100 elementor-top-column elementor-element elementor-element-33474d2\" data-id=\"33474d2\" data-element_type=\"column\">\n\t\t\t<div class=\"elementor-widget-wrap elementor-element-populated\">\n\t\t\t\t\t\t<div class=\"elementor-element elementor-element-32ee8f1 elementor-widget elementor-widget-oblo-section-description\" data-id=\"32ee8f1\" data-element_type=\"widget\" data-widget_type=\"oblo-section-description.default\">\n\t\t\t\t<div class=\"elementor-widget-container\">\n\t\t\t\n\t\t<!-- Section Description -->\n\t\t<div class=\"section section-inner m-description\">\n\t\t\t<div class=\"container\">\n\t\t\t\t<div class=\"row\">\n\t\t\t\t\t<div class=\"col-xs-12 col-sm-12 col-md-12 align-left col-lg-3\">\n\t\t\t\t\t\t\t\t\t\t\t\t<div class=\"m-titles\">\n\t\t\t\t\t\t\t<div class=\"m-title scrolla-element-anim-1 scroll-animate\" data-animate=\"active\">\n\t\t\t\t\t\t\t\t<span >\n\t\t\t\t\t\t\t\t\tEhrenschutz\t\t\t\t\t\t\t\t<\/span>\n\t\t\t\t\t\t\t<\/div>\n\t\t\t\t\t\t<\/div>\n\t\t\t\t\t\t\t\t\t\t\t<\/div>\n\t\t\t\t\t<div class=\"col-xs-12 col-sm-12 col-md-12 col-lg-9\">\n\t\t\t\t\t\t\t\t\t\t\t\t<div class=\"description-text scrolla-element-anim-1 scroll-animate\" data-animate=\"active\">\n\t\t\t\t\t\t\t<div >\n\t\t\t\t\t\t\t\t<p>S. E. Erzbischof Dr. Christoph Kardinal Sch\u00f6nborn<br \/>S. E. Dr. Franz Lackner OFM, Erzbischof von Salzburg<br \/>Dr. Wolfgang Sch\u00fcssel, Bundeskanzler der Republik \u00d6sterreich a.D.<br \/>RA Dr. Maximilian Eiselsberg<\/p>\t\t\t\t\t\t\t<\/div>\n\t\t\t\t\t\t<\/div>\n\t\t\t\t\t\t\t\t\t\t\t<\/div>\n\t\t\t\t<\/div>\n\t\t\t<\/div>\n\t\t<\/div>\n\n\t\t\t\t<\/div>\n\t\t\t\t<\/div>\n\t\t\t\t\t<\/div>\n\t\t<\/div>\n\t\t\t\t\t<\/div>\n\t\t<\/section>\n\t\t\t\t<section class=\"elementor-section elementor-top-section elementor-element elementor-element-adb1e31 elementor-section-full_width elementor-section-height-default elementor-section-height-default\" data-id=\"adb1e31\" data-element_type=\"section\">\n\t\t\t\t\t\t<div class=\"elementor-container elementor-column-gap-no\">\n\t\t\t\t\t<div class=\"elementor-column elementor-col-100 elementor-top-column elementor-element elementor-element-cf4924f\" data-id=\"cf4924f\" data-element_type=\"column\">\n\t\t\t<div class=\"elementor-widget-wrap\">\n\t\t\t\t\t\t\t<\/div>\n\t\t<\/div>\n\t\t\t\t\t<\/div>\n\t\t<\/section>\n\t\t\t\t<section class=\"elementor-section elementor-top-section elementor-element elementor-element-b255ab3 elementor-section-full_width elementor-section-height-default elementor-section-height-default\" data-id=\"b255ab3\" data-element_type=\"section\">\n\t\t\t\t\t\t<div class=\"elementor-container elementor-column-gap-no\">\n\t\t\t\t\t<div class=\"elementor-column elementor-col-100 elementor-top-column elementor-element elementor-element-b17c3d5\" data-id=\"b17c3d5\" data-element_type=\"column\">\n\t\t\t<div class=\"elementor-widget-wrap elementor-element-populated\">\n\t\t\t\t\t\t<div class=\"elementor-element elementor-element-1b13e8f elementor-widget elementor-widget-oblo-section-description\" data-id=\"1b13e8f\" data-element_type=\"widget\" data-widget_type=\"oblo-section-description.default\">\n\t\t\t\t<div class=\"elementor-widget-container\">\n\t\t\t\n\t\t<!-- Section Description -->\n\t\t<div class=\"section section-inner m-description\">\n\t\t\t<div class=\"container\">\n\t\t\t\t<div class=\"row\">\n\t\t\t\t\t<div class=\"col-xs-12 col-sm-12 col-md-12 align-left col-lg-3\">\n\t\t\t\t\t\t\t\t\t\t\t\t<div class=\"m-titles\">\n\t\t\t\t\t\t\t<div class=\"m-title scrolla-element-anim-1 scroll-animate\" data-animate=\"active\">\n\t\t\t\t\t\t\t\t<span >\n\t\t\t\t\t\t\t\t\tKomitee Franz Hilf!\t\t\t\t\t\t\t\t<\/span>\n\t\t\t\t\t\t\t<\/div>\n\t\t\t\t\t\t<\/div>\n\t\t\t\t\t\t\t\t\t\t\t<\/div>\n\t\t\t\t\t<div class=\"col-xs-12 col-sm-12 col-md-12 col-lg-9\">\n\t\t\t\t\t\t\t\t\t\t\t\t<div class=\"description-text scrolla-element-anim-1 scroll-animate\" data-animate=\"active\">\n\t\t\t\t\t\t\t<div >\n\t\t\t\t\t\t\t\t<p>unter der Leitung von P. Thomas Lackner OFM<br \/><br \/>Mag. Mechthild Bartolomey<br \/>Dr. Franz und Marielore Calice<br \/>Mag. Kathrin Danek<br \/>Huberta Eiselsberg<br \/>Cornelia Fritzsche <br \/>Dr. Gottfried u. Mariedi Fuhrmann<br \/>Trude Harmer<br \/>Dr. Nikolaus u. Mag. Martina Hartig <br \/>Dr. Christian Hofeneder<br \/>Mag. Dagmar Lang<br \/>Lukas Lederer<br \/>Henriette Lederer<br \/>Marina Lippitt<br \/>Ilse Prem <br \/>Kurt Pultar<br \/>Mag. Doris Schaumann<br \/>Dr. Herbert u. Marguerite Schillinger <br \/>Gritli Sotriffer<br \/>Maximilian Stockert <br \/>Hans-Paul Strobl<br \/>Inge Vogel<br \/>Dr. Heinrich und Hilde Zacherl <br \/>Br. Patrik Zamy\u0161evskij OFM<\/p>\t\t\t\t\t\t\t<\/div>\n\t\t\t\t\t\t<\/div>\n\t\t\t\t\t\t\t\t\t\t\t<\/div>\n\t\t\t\t<\/div>\n\t\t\t<\/div>\n\t\t<\/div>\n\n\t\t\t\t<\/div>\n\t\t\t\t<\/div>\n\t\t\t\t\t<\/div>\n\t\t<\/div>\n\t\t\t\t\t<\/div>\n\t\t<\/section>\n\t\t\t\t<\/div>\n\t\t","protected":false},"excerpt":{"rendered":"<p>Karten und Spenden Spenden Mit dem Benefizkonzert 2026 wollen wir gemeinsam 45.000 Euro aufbringen, um den Fortbestand dieses einzigartigen Projekts zu sichern. Jeder Beitrag schenkt Licht \u2013 dort, wo es am meisten gebraucht wird. Spenden Sie Hoffnung. Schenken Sie Zukunft! Sollten Sie das &#8220;Licht&#8230; <\/p>\n<div class=\"readmore\"><a href=\"https:\/\/franzhilf-benefizkonzert.at\/?page_id=2610\" class=\"btn-link\">Read more<\/a><\/div>\n","protected":false},"author":1,"featured_media":0,"parent":0,"menu_order":0,"comment_status":"closed","ping_status":"closed","template":"template-layout-builder.php","meta":{"footnotes":""},"acf":[],"_links":{"self":[{"href":"https:\/\/franzhilf-benefizkonzert.at\/index.php?rest_route=\/wp\/v2\/pages\/2610"}],"collection":[{"href":"https:\/\/franzhilf-benefizkonzert.at\/index.php?rest_route=\/wp\/v2\/pages"}],"about":[{"href":"https:\/\/franzhilf-benefizkonzert.at\/index.php?rest_route=\/wp\/v2\/types\/page"}],"author":[{"embeddable":true,"href":"https:\/\/franzhilf-benefizkonzert.at\/index.php?rest_route=\/wp\/v2\/users\/1"}],"replies":[{"embeddable":true,"href":"https:\/\/franzhilf-benefizkonzert.at\/index.php?rest_route=%2Fwp%2Fv2%2Fcomments&post=2610"}],"version-history":[{"count":247,"href":"https:\/\/franzhilf-benefizkonzert.at\/index.php?rest_route=\/wp\/v2\/pages\/2610\/revisions"}],"predecessor-version":[{"id":3652,"href":"https:\/\/franzhilf-benefizkonzert.at\/index.php?rest_route=\/wp\/v2\/pages\/2610\/revisions\/3652"}],"wp:attachment":[{"href":"https:\/\/franzhilf-benefizkonzert.at\/index.php?rest_route=%2Fwp%2Fv2%2Fmedia&parent=2610"}],"curies":[{"name":"wp","href":"https:\/\/api.w.org\/{rel}","templated":true}]}}