{"id":2562,"date":"2022-10-10T13:29:21","date_gmt":"2022-10-10T13:29:21","guid":{"rendered":"https:\/\/franzhilf-benefizkonzert.at\/?page_id=2562"},"modified":"2025-01-13T10:37:14","modified_gmt":"2025-01-13T10:37:14","slug":"konzert","status":"publish","type":"page","link":"https:\/\/franzhilf-benefizkonzert.at\/?page_id=2562","title":{"rendered":"Das Benefizkonzert 2024"},"content":{"rendered":"\t\t<div data-elementor-type=\"wp-page\" data-elementor-id=\"2562\" class=\"elementor elementor-2562\">\n\t\t\t\t\t\t<section class=\"elementor-section elementor-top-section elementor-element elementor-element-6b1a720 elementor-section-full_width elementor-section-height-default elementor-section-height-default\" data-id=\"6b1a720\" data-element_type=\"section\">\n\t\t\t\t\t\t<div class=\"elementor-container elementor-column-gap-no\">\n\t\t\t\t\t<div class=\"elementor-column elementor-col-100 elementor-top-column elementor-element elementor-element-f21ac0c\" data-id=\"f21ac0c\" data-element_type=\"column\">\n\t\t\t<div class=\"elementor-widget-wrap elementor-element-populated\">\n\t\t\t\t\t\t<div class=\"elementor-element elementor-element-e516a2f elementor-widget elementor-widget-oblo-hero-image\" data-id=\"e516a2f\" data-element_type=\"widget\" data-widget_type=\"oblo-hero-image.default\">\n\t\t\t\t<div class=\"elementor-widget-container\">\n\t\t\t\n\t\t<!-- Section Hero Started -->\n\t\t<div class=\"section hero-started bottom\" data-dispimgpath=\"https:\/\/franzhilf-benefizkonzert.at\/wp-content\/themes\/oblo\/assets\/images\/pointilize.jpg\">\n\t\t\t\t\t\t<!-- slide -->\n\t\t\t<div class=\"slide\"><img decoding=\"async\" src=\"https:\/\/franzhilf-benefizkonzert.at\/wp-content\/uploads\/2023\/11\/Maria-HappelcK.Nusterer_vert-1920x1080.jpg\" class=\"started-item__image\" alt=\"\" \/><\/div>\n\t\t\t<div class=\"canvas started-items__image\" data-top=\"top: 0px;\" data-top-bottom=\"top: -200px;\"><\/div>\n\t\t\t\n\t\t\t<div class=\"container\">\n\n\t\t\t\t<!-- titles -->\n\t\t\t\t<div class=\"titles\">\n\t\t\t\t\t\t\t\t\t\t<div class=\"title splitting-text-anim-1 scroll-animate\" data-splitting=\"chars\" data-animate=\"active\">\n\t\t\t\t\t\t<span >\n\t\t\t\t\t\t\tDas Programm 2024\t\t\t\t\t\t<\/span>\n\t\t\t\t\t<\/div>\n\t\t\t\t\t\t\t\t\t\t\t\t\t\t<\/div>\n\t\t\t\t\n\t\t\t<\/div>\n\n\t\t<\/div>\n\n\t\t\t\t<\/div>\n\t\t\t\t<\/div>\n\t\t\t\t\t<\/div>\n\t\t<\/div>\n\t\t\t\t\t<\/div>\n\t\t<\/section>\n\t\t\t\t<section class=\"elementor-section elementor-top-section elementor-element elementor-element-f874b6c elementor-section-full_width elementor-section-height-default elementor-section-height-default\" data-id=\"f874b6c\" data-element_type=\"section\">\n\t\t\t\t\t\t<div class=\"elementor-container elementor-column-gap-no\">\n\t\t\t\t\t<div class=\"elementor-column elementor-col-100 elementor-top-column elementor-element elementor-element-a48fc7b\" data-id=\"a48fc7b\" data-element_type=\"column\">\n\t\t\t<div class=\"elementor-widget-wrap elementor-element-populated\">\n\t\t\t\t\t\t<section class=\"elementor-section elementor-inner-section elementor-element elementor-element-a29819a elementor-section-full_width elementor-section-height-default elementor-section-height-default\" data-id=\"a29819a\" data-element_type=\"section\">\n\t\t\t\t\t\t<div class=\"elementor-container elementor-column-gap-custom\">\n\t\t\t\t\t<div class=\"elementor-column elementor-col-100 elementor-inner-column elementor-element elementor-element-3047a1b\" data-id=\"3047a1b\" data-element_type=\"column\">\n\t\t\t<div class=\"elementor-widget-wrap elementor-element-populated\">\n\t\t\t\t\t\t<div class=\"elementor-element elementor-element-77a9221 scrolla-element-anim-1 scroll-animate elementor-widget elementor-widget-text-editor\" data-id=\"77a9221\" data-element_type=\"widget\" data-widget_type=\"text-editor.default\">\n\t\t\t\t<div class=\"elementor-widget-container\">\n\t\t\t<style>\/*! elementor - v3.20.0 - 20-03-2024 *\/\n.elementor-widget-text-editor.elementor-drop-cap-view-stacked .elementor-drop-cap{background-color:#69727d;color:#fff}.elementor-widget-text-editor.elementor-drop-cap-view-framed .elementor-drop-cap{color:#69727d;border:3px solid;background-color:transparent}.elementor-widget-text-editor:not(.elementor-drop-cap-view-default) .elementor-drop-cap{margin-top:8px}.elementor-widget-text-editor:not(.elementor-drop-cap-view-default) .elementor-drop-cap-letter{width:1em;height:1em}.elementor-widget-text-editor .elementor-drop-cap{float:left;text-align:center;line-height:1;font-size:50px}.elementor-widget-text-editor .elementor-drop-cap-letter{display:inline-block}<\/style>\t\t\t\t<h3>Das Programm<\/h3>\t\t\t\t\t\t<\/div>\n\t\t\t\t<\/div>\n\t\t\t\t\t<\/div>\n\t\t<\/div>\n\t\t\t\t\t<\/div>\n\t\t<\/section>\n\t\t\t\t\t<\/div>\n\t\t<\/div>\n\t\t\t\t\t<\/div>\n\t\t<\/section>\n\t\t\t\t<section class=\"elementor-section elementor-top-section elementor-element elementor-element-9f3c6a6 elementor-section-full_width elementor-section-height-default elementor-section-height-default\" data-id=\"9f3c6a6\" data-element_type=\"section\">\n\t\t\t\t\t\t<div class=\"elementor-container elementor-column-gap-no\">\n\t\t\t\t\t<div class=\"elementor-column elementor-col-100 elementor-top-column elementor-element elementor-element-a898b23\" data-id=\"a898b23\" data-element_type=\"column\">\n\t\t\t<div class=\"elementor-widget-wrap elementor-element-populated\">\n\t\t\t\t\t\t<div class=\"elementor-element elementor-element-72f6968 elementor-widget elementor-widget-oblo-section-description\" data-id=\"72f6968\" data-element_type=\"widget\" data-widget_type=\"oblo-section-description.default\">\n\t\t\t\t<div class=\"elementor-widget-container\">\n\t\t\t\n\t\t<!-- Section Description -->\n\t\t<div class=\"section section-inner m-description\">\n\t\t\t<div class=\"container\">\n\t\t\t\t<div class=\"row\">\n\t\t\t\t\t<div class=\"col-xs-12 col-sm-12 col-md-12 align-left col-lg-3\">\n\t\t\t\t\t\t\t\t\t\t\t\t<div class=\"m-titles\">\n\t\t\t\t\t\t\t<div class=\"m-title scrolla-element-anim-1 scroll-animate\" data-animate=\"active\">\n\t\t\t\t\t\t\t\t<span >\n\t\t\t\t\t\t\t\t\t\u201e\u00dcber die Menschen und das Leben\u201c\t\t\t\t\t\t\t\t<\/span>\n\t\t\t\t\t\t\t<\/div>\n\t\t\t\t\t\t<\/div>\n\t\t\t\t\t\t\t\t\t\t\t<\/div>\n\t\t\t\t\t<div class=\"col-xs-12 col-sm-12 col-md-12 col-lg-9\">\n\t\t\t\t\t\t\t\t\t\t\t\t<div class=\"description-text scrolla-element-anim-1 scroll-animate\" data-animate=\"active\">\n\t\t\t\t\t\t\t<div >\n\t\t\t\t\t\t\t\t<p>\u201eDann schreibe ich so, wie ich mir das Buch w\u00fcnsche, wenn ich selbst ein Kind w\u00e4re. <br \/>Ich schreibe f\u00fcr das Kind in mir.\u201c\u00a0 Astrid Lindgren 1970<\/p><p>Astrid Lindgren, meistgelesene Kinderbuchautorin der Welt und \u00fcberzeugte Humanistin, setzte sich zeitlebens mit Zivilcourage und Ernsthaftigkeit, aber auch mit viel Humor und Liebe f\u00fcr die Rechte der Kinder ein.<\/p>\t\t\t\t\t\t\t<\/div>\n\t\t\t\t\t\t<\/div>\n\t\t\t\t\t\t\t\t\t\t\t<\/div>\n\t\t\t\t<\/div>\n\t\t\t<\/div>\n\t\t<\/div>\n\n\t\t\t\t<\/div>\n\t\t\t\t<\/div>\n\t\t\t\t<section class=\"elementor-section elementor-inner-section elementor-element elementor-element-259ff02 elementor-section-full_width elementor-section-height-default elementor-section-height-default\" data-id=\"259ff02\" data-element_type=\"section\">\n\t\t\t\t\t\t<div class=\"elementor-container elementor-column-gap-custom\">\n\t\t\t\t\t<div class=\"elementor-column elementor-col-100 elementor-inner-column elementor-element elementor-element-b3778a1\" data-id=\"b3778a1\" data-element_type=\"column\">\n\t\t\t<div class=\"elementor-widget-wrap elementor-element-populated\">\n\t\t\t\t\t\t<div class=\"elementor-element elementor-element-e33a652 scrolla-element-anim-1 scroll-animate elementor-widget elementor-widget-text-editor\" data-id=\"e33a652\" data-element_type=\"widget\" data-widget_type=\"text-editor.default\">\n\t\t\t\t<div class=\"elementor-widget-container\">\n\t\t\t\t\t\t\t<h3>Mitschnitt des Abends 2024<\/h3><h3><\/h3>\t\t\t\t\t\t<\/div>\n\t\t\t\t<\/div>\n\t\t\t\t\t<\/div>\n\t\t<\/div>\n\t\t\t\t\t<\/div>\n\t\t<\/section>\n\t\t\t\t\t<\/div>\n\t\t<\/div>\n\t\t\t\t\t<\/div>\n\t\t<\/section>\n\t\t\t\t<section class=\"elementor-section elementor-top-section elementor-element elementor-element-adb1e31 elementor-section-full_width elementor-section-height-default elementor-section-height-default\" data-id=\"adb1e31\" data-element_type=\"section\">\n\t\t\t\t\t\t<div class=\"elementor-container elementor-column-gap-no\">\n\t\t\t\t\t<div class=\"elementor-column elementor-col-100 elementor-top-column elementor-element elementor-element-cf4924f\" data-id=\"cf4924f\" data-element_type=\"column\">\n\t\t\t<div class=\"elementor-widget-wrap elementor-element-populated\">\n\t\t\t\t\t\t<div class=\"elementor-element elementor-element-ac36e9c elementor-widget elementor-widget-video\" data-id=\"ac36e9c\" data-element_type=\"widget\" data-settings=\"{&quot;video_type&quot;:&quot;vimeo&quot;}\" data-widget_type=\"video.default\">\n\t\t\t\t<div class=\"elementor-widget-container\">\n\t\t\t<style>\/*! elementor - v3.20.0 - 20-03-2024 *\/\n.elementor-widget-video .elementor-widget-container{overflow:hidden;transform:translateZ(0)}.elementor-widget-video .elementor-wrapper{aspect-ratio:var(--video-aspect-ratio)}.elementor-widget-video .elementor-wrapper iframe,.elementor-widget-video .elementor-wrapper video{height:100%;width:100%;display:flex;border:none;background-color:#000}@supports not (aspect-ratio:1\/1){.elementor-widget-video .elementor-wrapper{position:relative;overflow:hidden;height:0;padding-bottom:calc(100% \/ var(--video-aspect-ratio))}.elementor-widget-video .elementor-wrapper iframe,.elementor-widget-video .elementor-wrapper video{position:absolute;top:0;right:0;bottom:0;left:0}}.elementor-widget-video .elementor-open-inline .elementor-custom-embed-image-overlay{position:absolute;top:0;right:0;bottom:0;left:0;background-size:cover;background-position:50%}.elementor-widget-video .elementor-custom-embed-image-overlay{cursor:pointer;text-align:center}.elementor-widget-video .elementor-custom-embed-image-overlay:hover .elementor-custom-embed-play i{opacity:1}.elementor-widget-video .elementor-custom-embed-image-overlay img{display:block;width:100%;aspect-ratio:var(--video-aspect-ratio);-o-object-fit:cover;object-fit:cover;-o-object-position:center center;object-position:center center}@supports not (aspect-ratio:1\/1){.elementor-widget-video .elementor-custom-embed-image-overlay{position:relative;overflow:hidden;height:0;padding-bottom:calc(100% \/ var(--video-aspect-ratio))}.elementor-widget-video .elementor-custom-embed-image-overlay img{position:absolute;top:0;right:0;bottom:0;left:0}}.elementor-widget-video .e-hosted-video .elementor-video{-o-object-fit:cover;object-fit:cover}.e-con-inner>.elementor-widget-video,.e-con>.elementor-widget-video{width:var(--container-widget-width);--flex-grow:var(--container-widget-flex-grow)}<\/style>\t\t<div class=\"elementor-wrapper elementor-open-inline\">\n\t\t\t<iframe class=\"elementor-video-iframe\" allowfullscreen allow=\"clipboard-write\" title=\"vimeo Video Player\" src=\"https:\/\/player.vimeo.com\/video\/1041693899?color&amp;autopause=0&amp;loop=0&amp;muted=0&amp;title=1&amp;portrait=1&amp;byline=1#t=\"><\/iframe>\t\t<\/div>\n\t\t\t\t<\/div>\n\t\t\t\t<\/div>\n\t\t\t\t\t<\/div>\n\t\t<\/div>\n\t\t\t\t\t<\/div>\n\t\t<\/section>\n\t\t\t\t<section class=\"elementor-section elementor-top-section elementor-element elementor-element-b255ab3 elementor-section-full_width elementor-section-height-default elementor-section-height-default\" data-id=\"b255ab3\" data-element_type=\"section\">\n\t\t\t\t\t\t<div class=\"elementor-container elementor-column-gap-no\">\n\t\t\t\t\t<div class=\"elementor-column elementor-col-100 elementor-top-column elementor-element elementor-element-b17c3d5\" data-id=\"b17c3d5\" data-element_type=\"column\">\n\t\t\t<div class=\"elementor-widget-wrap elementor-element-populated\">\n\t\t\t\t\t\t<div class=\"elementor-element elementor-element-12d3e62 elementor-widget elementor-widget-oblo-section-description\" data-id=\"12d3e62\" data-element_type=\"widget\" data-widget_type=\"oblo-section-description.default\">\n\t\t\t\t<div class=\"elementor-widget-container\">\n\t\t\t\n\t\t<!-- Section Description -->\n\t\t<div class=\"section section-inner m-description\">\n\t\t\t<div class=\"container\">\n\t\t\t\t<div class=\"row\">\n\t\t\t\t\t<div class=\"col-xs-12 col-sm-12 col-md-12 align-left col-lg-3\">\n\t\t\t\t\t\t\t\t\t\t\t\t<div class=\"m-titles\">\n\t\t\t\t\t\t\t<div class=\"m-title scrolla-element-anim-1 scroll-animate\" data-animate=\"active\">\n\t\t\t\t\t\t\t\t<span >\n\t\t\t\t\t\t\t\t\tDas Projekt 2024:<br>Kinderheime in Albanien\t\t\t\t\t\t\t\t<\/span>\n\t\t\t\t\t\t\t<\/div>\n\t\t\t\t\t\t<\/div>\n\t\t\t\t\t\t\t\t\t\t\t<\/div>\n\t\t\t\t\t<div class=\"col-xs-12 col-sm-12 col-md-12 col-lg-9\">\n\t\t\t\t\t\t\t\t\t\t\t\t<div class=\"description-text scrolla-element-anim-1 scroll-animate\" data-animate=\"active\">\n\t\t\t\t\t\t\t<div >\n\t\t\t\t\t\t\t\t<div class=\"page\" title=\"Page 2\"><div class=\"section\"><div class=\"layoutArea\"><div class=\"column\"><p>Die Franziskaner und ihr Schwesterorden vor Ort, die Franziskanischen Missionsschwestern vom Kinde Jesu in Albanien haben seit Jahrzehnten ein gro\u00dfes Herz fu\u0308r die Kinder aus bitterarmen Familien, deren es \u2013 bedingt durch die Nachwirkungen der Corona-Pandemie, des Ukrainekriegs und der damit verbundenen Teuerung \u2013 ta\u0308glich mehr gibt. Gleich an zwei Orten sind die Franziskanerinnen unermu\u0308dlich aktiv.<\/p><p>Einen Kindergarten haben sie im Jahr 2000 in Bajze ero\u0308ffnet. Bis zu 95 arme Kinder werden pro Jahr in dieser Sta\u0308tte pa\u0308dagogisch betreut, bekommen ein warmes Essen, lernen sinnvolles Spielen und Basteln mit Gleichaltrigen und in der Vorschule wichtige Vorkenntnisse fu\u0308r den spa\u0308teren Schulbetrieb. Die Schwestern ku\u0308mmern sich um alle Kinder, die eine solche Betreu- ung dringend beno\u0308tigen, vo\u0308llig unabha\u0308ngig von ihrem Glauben.<\/p><p>Ein Tageszentrum in Shkodra betreiben die Franziskanerinnen seit 2003 fu\u0308r Kinder im Alter von 5 bis 15 Jahren, in dem sie den Bedu\u0308rftigen beim Lernen in den wichtigen Schulfa\u0308chern helfen, ihnen soziale Werte vermitteln und spezielle Nachhilfe geben, Sprachunterricht und Computerkurse anbieten und dafu\u0308r sorgen, dass eine warme Mahlzeit auf den Tisch kommt. 40 Kinder ko\u0308nnen im Tageszentrum untergebracht werden, auch sie kommen aus allen Glaubensrichtungen und der stark benachteiligten Minderheit der Roma oder aus schwer zerru\u0308tteten Familien. Deshalb besuchen die Franziskanerinnen ihre Schu\u0308tzlinge auch im familia\u0308ren Umfeld. Geldintensive Projekte wie die Sanierung des Feuchtigkeitsproblems und die Umstellung der Heizung von Dieselo\u0308l auf Gas stehen an.<\/p><p>Bisher wurden beide Projekte von der italienischen Schwesternkongregation unterstu\u0308tzt, doch deren finanzielle Mittel reichen la\u0308ngst nicht mehr aus.<\/p><\/div><\/div><\/div><\/div>\t\t\t\t\t\t\t<\/div>\n\t\t\t\t\t\t<\/div>\n\t\t\t\t\t\t\t\t\t\t\t<\/div>\n\t\t\t\t<\/div>\n\t\t\t<\/div>\n\t\t<\/div>\n\n\t\t\t\t<\/div>\n\t\t\t\t<\/div>\n\t\t\t\t\t<\/div>\n\t\t<\/div>\n\t\t\t\t\t<\/div>\n\t\t<\/section>\n\t\t\t\t<section class=\"elementor-section elementor-top-section elementor-element elementor-element-7ed9298 elementor-section-full_width elementor-section-height-default elementor-section-height-default\" data-id=\"7ed9298\" data-element_type=\"section\">\n\t\t\t\t\t\t<div class=\"elementor-container elementor-column-gap-no\">\n\t\t\t\t\t<div class=\"elementor-column elementor-col-100 elementor-top-column elementor-element elementor-element-aec7f54\" data-id=\"aec7f54\" data-element_type=\"column\">\n\t\t\t<div class=\"elementor-widget-wrap elementor-element-populated\">\n\t\t\t\t\t\t<div class=\"elementor-element elementor-element-763a054 elementor-widget elementor-widget-oblo-team\" data-id=\"763a054\" data-element_type=\"widget\" data-widget_type=\"oblo-team.default\">\n\t\t\t\t<div class=\"elementor-widget-container\">\n\t\t\t\t\t\n\t\t<!-- Section Team -->\n\t\t<div class=\"section section-inner m-team\">\n\t\t\t<div class=\"container\">\n\t\t\t\t<div class=\"row\">\n\n\t\t\t\t\t\t\t\t\t\t<div class=\"col-xs-12 col-sm-12 col-md-12 align-left col-lg-12\">\n\n\t\t\t\t\t\t<!-- titles -->\n\t\t\t\t\t\t<div class=\"m-titles\">\n\t\t\t\t\t\t\t\t\t\t\t\t\t\t<h2 class=\"m-title scrolla-element-anim-1 scroll-animate\" data-animate=\"active\">\n\t\t\t\t\t\t\t\t<span >\n\t\t\t\t\t\t\t\t\tDie K\u00fcnstler\t\t\t\t\t\t\t\t<\/span>\n\t\t\t\t\t\t\t<\/h2>\n\t\t\t\t\t\t\t\t\t\t\t\t\t\t\t\t\t\t\t\t<\/div>\n\n\t\t\t\t\t<\/div>\n\t\t\t\t\t\n\t\t\t\t\t\t\t\t\t\t<div class=\"col-xs-12 col-sm-12 col-md-12 col-lg-12\">\n\n\t\t\t\t\t\t<!-- team -->\n\t\t\t\t\t\t<div class=\"team-items row\">\n\n\t\t\t\t\t\t\t\n\t\t\t\t\t\t\t<div class=\"team-col col-xs-12 col-sm-12 col-md-6 col-lg-4\">\n\t\t\t\t\t\t\t\t<div class=\"team-item scrolla-element-anim-1 scroll-animate\" data-animate=\"active\">\n\t\t\t\t\t\t\t\t\t\t\t\t\t\t\t\t\t\t<div class=\"image\">\n\t\t\t\t\t\t\t\t\t\t<div class=\"img\">\n\t\t\t\t\t\t\t\t\t\t\t<img decoding=\"async\" src=\"https:\/\/franzhilf-benefizkonzert.at\/wp-content\/uploads\/2023\/11\/Maria-HappelcK.Nusterer1-1jpg-900x900.jpg\" alt=\"\" \/>\n\t\t\t\t\t\t\t\t\t\t<\/div>\n\t\t\t\t\t\t\t\t\t<\/div>\n\t\t\t\t\t\t\t\t\t\t\t\t\t\t\t\t\t\t\t\t\t\t\t\t\t\t\t<div class=\"desc\">\n\t\t\t\t\t\t\t\t\t\t\t\t\t\t\t\t\t\t\t\t<div class=\"category\">\n\t\t\t\t\t\t\t\t\t\t\t<span >\n\t\t\t\t\t\t\t\t\t\t\t\tLesung\t\t\t\t\t\t\t\t\t\t\t<\/span>\n\t\t\t\t\t\t\t\t\t\t<\/div>\n\t\t\t\t\t\t\t\t\t\t\t\t\t\t\t\t\t\t\t\t\t\t\t\t\t\t\t\t\t\t<div class=\"name\">\n\t\t\t\t\t\t\t\t\t\t\t<span >\n\t\t\t\t\t\t\t\t\t\t\t\tMaria Happel\t\t\t\t\t\t\t\t\t\t\t<\/span>\n\t\t\t\t\t\t\t\t\t\t<\/div>\n\t\t\t\t\t\t\t\t\t\t\t\t\t\t\t\t\t\t\t<\/div>\n\t\t\t\t\t\t\t\t\t\t\t\t\t\t\t\t\t<\/div>\n\t\t\t\t\t\t\t<\/div>\n\n\t\t\t\t\t\t\t\n\t\t\t\t\t\t\t<div class=\"team-col col-xs-12 col-sm-12 col-md-6 col-lg-4\">\n\t\t\t\t\t\t\t\t<div class=\"team-item scrolla-element-anim-1 scroll-animate\" data-animate=\"active\">\n\t\t\t\t\t\t\t\t\t\t\t\t\t\t\t\t\t\t<div class=\"image\">\n\t\t\t\t\t\t\t\t\t\t<div class=\"img\">\n\t\t\t\t\t\t\t\t\t\t\t<img decoding=\"async\" src=\"https:\/\/franzhilf-benefizkonzert.at\/wp-content\/uploads\/2023\/11\/03-BartolomeyBittmann\u252c\u00aeStephan-Doleschal1-1-900x900.jpg\" alt=\"\" \/>\n\t\t\t\t\t\t\t\t\t\t<\/div>\n\t\t\t\t\t\t\t\t\t<\/div>\n\t\t\t\t\t\t\t\t\t\t\t\t\t\t\t\t\t\t\t\t\t\t\t\t\t\t\t<div class=\"desc\">\n\t\t\t\t\t\t\t\t\t\t\t\t\t\t\t\t\t\t\t\t<div class=\"category\">\n\t\t\t\t\t\t\t\t\t\t\t<span >\n\t\t\t\t\t\t\t\t\t\t\t\tVioline, Violoncello und Mandola\t\t\t\t\t\t\t\t\t\t\t<\/span>\n\t\t\t\t\t\t\t\t\t\t<\/div>\n\t\t\t\t\t\t\t\t\t\t\t\t\t\t\t\t\t\t\t\t\t\t\t\t\t\t\t\t\t\t<div class=\"name\">\n\t\t\t\t\t\t\t\t\t\t\t<span >\n\t\t\t\t\t\t\t\t\t\t\t\tBartolomeyBittmann\t\t\t\t\t\t\t\t\t\t\t<\/span>\n\t\t\t\t\t\t\t\t\t\t<\/div>\n\t\t\t\t\t\t\t\t\t\t\t\t\t\t\t\t\t\t\t<\/div>\n\t\t\t\t\t\t\t\t\t\t\t\t\t\t\t\t\t<\/div>\n\t\t\t\t\t\t\t<\/div>\n\n\t\t\t\t\t\t\t\n\t\t\t\t\t\t\t<div class=\"team-col col-xs-12 col-sm-12 col-md-6 col-lg-4\">\n\t\t\t\t\t\t\t\t<div class=\"team-item scrolla-element-anim-1 scroll-animate\" data-animate=\"active\">\n\t\t\t\t\t\t\t\t\t\t\t\t\t\t\t\t\t\t<div class=\"image\">\n\t\t\t\t\t\t\t\t\t\t<div class=\"img\">\n\t\t\t\t\t\t\t\t\t\t\t<img decoding=\"async\" src=\"https:\/\/franzhilf-benefizkonzert.at\/wp-content\/uploads\/2018\/11\/140708_KatharinaSchiffl5173-e1665409810198-900x899.jpg\" alt=\"\" \/>\n\t\t\t\t\t\t\t\t\t\t<\/div>\n\t\t\t\t\t\t\t\t\t<\/div>\n\t\t\t\t\t\t\t\t\t\t\t\t\t\t\t\t\t\t\t\t\t\t\t\t\t\t\t<div class=\"desc\">\n\t\t\t\t\t\t\t\t\t\t\t\t\t\t\t\t\t\t\t\t<div class=\"category\">\n\t\t\t\t\t\t\t\t\t\t\t<span >\n\t\t\t\t\t\t\t\t\t\t\t\tKonzept\t\t\t\t\t\t\t\t\t\t\t<\/span>\n\t\t\t\t\t\t\t\t\t\t<\/div>\n\t\t\t\t\t\t\t\t\t\t\t\t\t\t\t\t\t\t\t\t\t\t\t\t\t\t\t\t\t\t<div class=\"name\">\n\t\t\t\t\t\t\t\t\t\t\t<span >\n\t\t\t\t\t\t\t\t\t\t\t\tMechthild Bartolomey\t\t\t\t\t\t\t\t\t\t\t<\/span>\n\t\t\t\t\t\t\t\t\t\t<\/div>\n\t\t\t\t\t\t\t\t\t\t\t\t\t\t\t\t\t\t\t<\/div>\n\t\t\t\t\t\t\t\t\t\t\t\t\t\t\t\t\t<\/div>\n\t\t\t\t\t\t\t<\/div>\n\n\t\t\t\t\t\t\t\n\t\t\t\t\t\t<\/div>\n\n\t\t\t\t\t<\/div>\n\t\t\t\t\t\n\t\t\t\t<\/div>\n\t\t\t<\/div>\n\t\t<\/div>\n\n\t\t\t\t<\/div>\n\t\t\t\t<\/div>\n\t\t\t\t\t<\/div>\n\t\t<\/div>\n\t\t\t\t\t<\/div>\n\t\t<\/section>\n\t\t\t\t<\/div>\n\t\t","protected":false},"excerpt":{"rendered":"<p>Das Programm 2024 Das Programm \u201e\u00dcber die Menschen und das Leben\u201c \u201eDann schreibe ich so, wie ich mir das Buch w\u00fcnsche, wenn ich selbst ein Kind w\u00e4re. Ich schreibe f\u00fcr das Kind in mir.\u201c\u00a0 Astrid Lindgren 1970 Astrid Lindgren, meistgelesene Kinderbuchautorin der Welt und&#8230; <\/p>\n<div class=\"readmore\"><a href=\"https:\/\/franzhilf-benefizkonzert.at\/?page_id=2562\" class=\"btn-link\">Read more<\/a><\/div>\n","protected":false},"author":1,"featured_media":0,"parent":0,"menu_order":0,"comment_status":"closed","ping_status":"closed","template":"template-layout-builder.php","meta":{"footnotes":""},"acf":[],"_links":{"self":[{"href":"https:\/\/franzhilf-benefizkonzert.at\/index.php?rest_route=\/wp\/v2\/pages\/2562"}],"collection":[{"href":"https:\/\/franzhilf-benefizkonzert.at\/index.php?rest_route=\/wp\/v2\/pages"}],"about":[{"href":"https:\/\/franzhilf-benefizkonzert.at\/index.php?rest_route=\/wp\/v2\/types\/page"}],"author":[{"embeddable":true,"href":"https:\/\/franzhilf-benefizkonzert.at\/index.php?rest_route=\/wp\/v2\/users\/1"}],"replies":[{"embeddable":true,"href":"https:\/\/franzhilf-benefizkonzert.at\/index.php?rest_route=%2Fwp%2Fv2%2Fcomments&post=2562"}],"version-history":[{"count":110,"href":"https:\/\/franzhilf-benefizkonzert.at\/index.php?rest_route=\/wp\/v2\/pages\/2562\/revisions"}],"predecessor-version":[{"id":3395,"href":"https:\/\/franzhilf-benefizkonzert.at\/index.php?rest_route=\/wp\/v2\/pages\/2562\/revisions\/3395"}],"wp:attachment":[{"href":"https:\/\/franzhilf-benefizkonzert.at\/index.php?rest_route=%2Fwp%2Fv2%2Fmedia&parent=2562"}],"curies":[{"name":"wp","href":"https:\/\/api.w.org\/{rel}","templated":true}]}}